{"id":5,"date":"2020-01-13T11:17:52","date_gmt":"2020-01-13T11:17:52","guid":{"rendered":"https:\/\/demosites.io\/web-agency-gb\/?page_id=5"},"modified":"2023-08-10T15:44:37","modified_gmt":"2023-08-10T15:44:37","slug":"15c42-web-agency-gb-home","status":"publish","type":"page","link":"https:\/\/bayer-bedachungen.de\/","title":{"rendered":"Bayer Bedachungen."},"content":{"rendered":"\n<div class=\"wp-block-cover is-light wp-duotone-unset-2\"><span aria-hidden=\"true\" class=\"wp-block-cover__background has-background-dim-0 has-background-dim\"><\/span><img decoding=\"async\" loading=\"lazy\" width=\"1282\" height=\"1282\" class=\"wp-block-cover__image-background wp-image-418\" alt=\"\" src=\"https:\/\/bayer-bedachungen.de\/wp-content\/uploads\/2023\/08\/BB959D6C-9DC6-4786-AC9A-9457D8350A75.jpeg\" data-object-fit=\"cover\" srcset=\"https:\/\/bayer-bedachungen.de\/wp-content\/uploads\/2023\/08\/BB959D6C-9DC6-4786-AC9A-9457D8350A75.jpeg 1282w, https:\/\/bayer-bedachungen.de\/wp-content\/uploads\/2023\/08\/BB959D6C-9DC6-4786-AC9A-9457D8350A75-300x300.jpeg 300w, https:\/\/bayer-bedachungen.de\/wp-content\/uploads\/2023\/08\/BB959D6C-9DC6-4786-AC9A-9457D8350A75-1024x1024.jpeg 1024w, https:\/\/bayer-bedachungen.de\/wp-content\/uploads\/2023\/08\/BB959D6C-9DC6-4786-AC9A-9457D8350A75-150x150.jpeg 150w, https:\/\/bayer-bedachungen.de\/wp-content\/uploads\/2023\/08\/BB959D6C-9DC6-4786-AC9A-9457D8350A75-768x768.jpeg 768w\" sizes=\"(max-width: 1282px) 100vw, 1282px\" \/><div class=\"wp-block-cover__inner-container is-layout-flow wp-block-cover-is-layout-flow\">\n<p><\/p>\n\n\n\n<h1 class=\"wp-block-heading has-text-align-center\"><mark style=\"background-color:rgba(0, 0, 0, 0)\" class=\"has-inline-color has-nv-site-bg-color\">\u201eDenn nichts ist wichtiger <\/mark><br><mark style=\"background-color:rgba(0, 0, 0, 0)\" class=\"has-inline-color has-nv-site-bg-color\">als ein anst\u00e4ndiges Dach <\/mark><br><mark style=\"background-color:rgba(0, 0, 0, 0)\" class=\"has-inline-color has-nv-site-bg-color\">\u00fcber dem Kopf\u201c<\/mark><\/h1>\n\n\n\n<p><\/p>\n\n\n\n<p><\/p>\n\n\n\n<p><\/p>\n\n\n\n<p><\/p>\n\n\n\n<div class=\"wp-block-buttons is-horizontal is-content-justification-center is-layout-flex wp-container-1 wp-block-buttons-is-layout-flex\">\n<div class=\"wp-block-button is-style-primary\"><a class=\"wp-block-button__link wp-element-button\" href=\"https:\/\/bayer-bedachungen.de\/?page_id=310\">\u00dcBER UNS<\/a><\/div>\n\n\n\n<div class=\"wp-block-button is-style-secondary\"><a class=\"wp-block-button__link wp-element-button\" href=\"https:\/\/bayer-bedachungen.de\/?page_id=75\">KONTAKT<\/a><\/div>\n<\/div>\n\n\n\n<div style=\"height:80px\" aria-hidden=\"true\" class=\"wp-block-spacer\"><\/div>\n\n\n\n<div style=\"height:80px\" aria-hidden=\"true\" class=\"wp-block-spacer\"><\/div>\n<\/div><\/div>\n\n\n\n<div style=\"height:80px\" aria-hidden=\"true\" class=\"wp-block-spacer\"><\/div>\n\n\n\n<h2 class=\"wp-block-heading\">Wir k\u00fcmmern uns darum.<\/h2>\n\n\n\n<div class=\"wp-block-group is-layout-constrained wp-block-group-is-layout-constrained\"><div class=\"wp-block-group__inner-container\">\n<div class=\"wp-block-columns is-layout-flex wp-container-7 wp-block-columns-is-layout-flex\">\n<div class=\"wp-block-column is-layout-flow wp-block-column-is-layout-flow\">\n<div style=\"height:20px\" aria-hidden=\"true\" class=\"wp-block-spacer\"><\/div>\n\n\n\n<h3 class=\"wp-block-heading has-text-align-center has-neve-text-color-color has-text-color\">Flachdach<\/h3>\n\n\n\n<p class=\"has-text-align-center\">Balkon \/ Terasse \/ Garage<br>Tiefgaragen<br>Abdichtung von Nassr\u00e4umen<br>Dachbegr\u00fcnung<\/p>\n\n\n\n<div style=\"height:20px\" aria-hidden=\"true\" class=\"wp-block-spacer\"><\/div>\n<\/div>\n\n\n\n<div class=\"wp-block-column is-layout-flow wp-block-column-is-layout-flow\">\n<div style=\"height:20px\" aria-hidden=\"true\" class=\"wp-block-spacer\"><\/div>\n\n\n\n<h3 class=\"wp-block-heading has-text-align-center has-neve-text-color-color has-text-color\">Steildach<\/h3>\n\n\n\n<p class=\"has-text-align-center\">Dachdeckung<br>Dachd\u00e4mmung<br>Dachfenster<br>Dachausbau<\/p>\n\n\n\n<div style=\"height:20px\" aria-hidden=\"true\" class=\"wp-block-spacer\"><\/div>\n<\/div>\n\n\n\n<div class=\"wp-block-column is-layout-flow wp-block-column-is-layout-flow\">\n<div style=\"height:20px\" aria-hidden=\"true\" class=\"wp-block-spacer\"><\/div>\n\n\n\n<h3 class=\"wp-block-heading has-text-align-center has-neve-text-color-color has-text-color\">Spenglerei <\/h3>\n\n\n\n<p class=\"has-text-align-center\">Dachrinnen \/ Kamine \/ Gauben<br>D\u00e4cher<br>Abdeckungen<\/p>\n\n\n\n<div style=\"height:20px\" aria-hidden=\"true\" class=\"wp-block-spacer\"><\/div>\n<\/div>\n<\/div>\n\n\n\n<div class=\"wp-block-columns is-layout-flex wp-container-11 wp-block-columns-is-layout-flex\">\n<div class=\"wp-block-column is-layout-flow wp-block-column-is-layout-flow\">\n<div style=\"height:20px\" aria-hidden=\"true\" class=\"wp-block-spacer\"><\/div>\n\n\n\n<h3 class=\"wp-block-heading has-text-align-center has-neve-text-color-color has-text-color\">Reparaturen<\/h3>\n\n\n\n<p class=\"has-text-align-center\"><\/p>\n\n\n\n<div style=\"height:20px\" aria-hidden=\"true\" class=\"wp-block-spacer\"><\/div>\n<\/div>\n\n\n\n<div class=\"wp-block-column is-layout-flow wp-block-column-is-layout-flow\">\n<div style=\"height:20px\" aria-hidden=\"true\" class=\"wp-block-spacer\"><\/div>\n\n\n\n<h3 class=\"wp-block-heading has-text-align-center has-neve-text-color-color has-text-color\">Wartungen<\/h3>\n\n\n\n<p class=\"has-text-align-center\"><\/p>\n\n\n\n<div style=\"height:20px\" aria-hidden=\"true\" class=\"wp-block-spacer\"><\/div>\n<\/div>\n\n\n\n<div class=\"wp-block-column is-layout-flow wp-block-column-is-layout-flow\">\n<div style=\"height:20px\" aria-hidden=\"true\" class=\"wp-block-spacer\"><\/div>\n\n\n\n<h3 class=\"wp-block-heading has-text-align-center has-neve-text-color-color has-text-color\">Und vieles Mehr<\/h3>\n\n\n\n<p class=\"has-text-align-center\"><\/p>\n\n\n\n<div style=\"height:20px\" aria-hidden=\"true\" class=\"wp-block-spacer\"><\/div>\n<\/div>\n<\/div>\n<\/div><\/div>\n\n\n\n<div class=\"wp-block-cover alignfull\" style=\"min-height:100vh\"><span aria-hidden=\"true\" class=\"wp-block-cover__background has-nv-site-bg-background-color has-background-dim-100 has-background-dim\"><\/span><div class=\"wp-block-cover__inner-container is-layout-flow wp-block-cover-is-layout-flow\">\n<div class=\"wp-block-group is-layout-flow wp-block-group-is-layout-flow\"><div class=\"wp-block-group__inner-container\">\n<div style=\"height:80px\" aria-hidden=\"true\" class=\"wp-block-spacer\"><\/div>\n\n\n\n<h2 class=\"wp-block-heading has-neve-text-color-color has-text-color\">Galerie<\/h2>\n\n\n\n<div style=\"height:20px\" aria-hidden=\"true\" class=\"wp-block-spacer\"><\/div>\n\n\n\n<div class=\"wp-block-columns are-vertically-aligned-center is-layout-flex wp-container-15 wp-block-columns-is-layout-flex\">\n<div class=\"wp-block-column is-vertically-aligned-center is-layout-flow wp-block-column-is-layout-flow\" style=\"flex-basis:50%\">\n<figure class=\"wp-block-image size-large\"><img decoding=\"async\" loading=\"lazy\" width=\"2560\" height=\"2560\" src=\"https:\/\/bayer-bedachungen.de\/wp-content\/uploads\/2023\/08\/IMG_7373-edited-scaled.jpeg\" alt=\"\" class=\"wp-image-428\" srcset=\"https:\/\/bayer-bedachungen.de\/wp-content\/uploads\/2023\/08\/IMG_7373-edited-scaled.jpeg 2560w, https:\/\/bayer-bedachungen.de\/wp-content\/uploads\/2023\/08\/IMG_7373-edited-300x300.jpeg 300w, https:\/\/bayer-bedachungen.de\/wp-content\/uploads\/2023\/08\/IMG_7373-edited-1024x1024.jpeg 1024w, https:\/\/bayer-bedachungen.de\/wp-content\/uploads\/2023\/08\/IMG_7373-edited-150x150.jpeg 150w, https:\/\/bayer-bedachungen.de\/wp-content\/uploads\/2023\/08\/IMG_7373-edited-768x768.jpeg 768w, https:\/\/bayer-bedachungen.de\/wp-content\/uploads\/2023\/08\/IMG_7373-edited-1536x1536.jpeg 1536w, https:\/\/bayer-bedachungen.de\/wp-content\/uploads\/2023\/08\/IMG_7373-edited-2048x2048.jpeg 2048w\" sizes=\"(max-width: 2560px) 100vw, 2560px\" \/><figcaption class=\"wp-element-caption\">Kran<\/figcaption><\/figure>\n<\/div>\n\n\n\n<div class=\"wp-block-column is-vertically-aligned-center is-layout-flow wp-block-column-is-layout-flow\" style=\"flex-basis:50%\">\n<figure class=\"wp-block-image size-large\"><img decoding=\"async\" loading=\"lazy\" width=\"2560\" height=\"2560\" src=\"https:\/\/bayer-bedachungen.de\/wp-content\/uploads\/2023\/08\/IMG_7825-edited-scaled.jpeg\" alt=\"\" class=\"wp-image-429\" srcset=\"https:\/\/bayer-bedachungen.de\/wp-content\/uploads\/2023\/08\/IMG_7825-edited-scaled.jpeg 2560w, https:\/\/bayer-bedachungen.de\/wp-content\/uploads\/2023\/08\/IMG_7825-edited-300x300.jpeg 300w, https:\/\/bayer-bedachungen.de\/wp-content\/uploads\/2023\/08\/IMG_7825-edited-1024x1024.jpeg 1024w, https:\/\/bayer-bedachungen.de\/wp-content\/uploads\/2023\/08\/IMG_7825-edited-150x150.jpeg 150w, https:\/\/bayer-bedachungen.de\/wp-content\/uploads\/2023\/08\/IMG_7825-edited-768x768.jpeg 768w, https:\/\/bayer-bedachungen.de\/wp-content\/uploads\/2023\/08\/IMG_7825-edited-1536x1536.jpeg 1536w, https:\/\/bayer-bedachungen.de\/wp-content\/uploads\/2023\/08\/IMG_7825-edited-2048x2048.jpeg 2048w\" sizes=\"(max-width: 2560px) 100vw, 2560px\" \/><figcaption class=\"wp-element-caption\">Flachdach<\/figcaption><\/figure>\n<\/div>\n<\/div>\n\n\n\n<div class=\"wp-block-columns are-vertically-aligned-center is-layout-flex wp-container-18 wp-block-columns-is-layout-flex\">\n<div class=\"wp-block-column is-vertically-aligned-center is-layout-flow wp-block-column-is-layout-flow\" style=\"flex-basis:50%\">\n<figure class=\"wp-block-image size-large\"><img decoding=\"async\" loading=\"lazy\" width=\"2560\" height=\"2560\" src=\"https:\/\/bayer-bedachungen.de\/wp-content\/uploads\/2023\/08\/IMG_7389-edited-1-scaled.jpeg\" alt=\"\" class=\"wp-image-433\" srcset=\"https:\/\/bayer-bedachungen.de\/wp-content\/uploads\/2023\/08\/IMG_7389-edited-1-scaled.jpeg 2560w, https:\/\/bayer-bedachungen.de\/wp-content\/uploads\/2023\/08\/IMG_7389-edited-1-300x300.jpeg 300w, https:\/\/bayer-bedachungen.de\/wp-content\/uploads\/2023\/08\/IMG_7389-edited-1-1024x1024.jpeg 1024w, https:\/\/bayer-bedachungen.de\/wp-content\/uploads\/2023\/08\/IMG_7389-edited-1-150x150.jpeg 150w, https:\/\/bayer-bedachungen.de\/wp-content\/uploads\/2023\/08\/IMG_7389-edited-1-768x768.jpeg 768w, https:\/\/bayer-bedachungen.de\/wp-content\/uploads\/2023\/08\/IMG_7389-edited-1-1536x1536.jpeg 1536w, https:\/\/bayer-bedachungen.de\/wp-content\/uploads\/2023\/08\/IMG_7389-edited-1-2048x2048.jpeg 2048w\" sizes=\"(max-width: 2560px) 100vw, 2560px\" \/><figcaption class=\"wp-element-caption\">Dachplatten<\/figcaption><\/figure>\n<\/div>\n\n\n\n<div class=\"wp-block-column is-vertically-aligned-center is-layout-flow wp-block-column-is-layout-flow\" style=\"flex-basis:50%\">\n<figure class=\"wp-block-image size-large\"><img decoding=\"async\" loading=\"lazy\" width=\"2560\" height=\"2560\" src=\"https:\/\/bayer-bedachungen.de\/wp-content\/uploads\/2023\/08\/IMG_8418-edited-scaled.jpeg\" alt=\"\" class=\"wp-image-434\" srcset=\"https:\/\/bayer-bedachungen.de\/wp-content\/uploads\/2023\/08\/IMG_8418-edited-scaled.jpeg 2560w, https:\/\/bayer-bedachungen.de\/wp-content\/uploads\/2023\/08\/IMG_8418-edited-300x300.jpeg 300w, https:\/\/bayer-bedachungen.de\/wp-content\/uploads\/2023\/08\/IMG_8418-edited-1024x1024.jpeg 1024w, https:\/\/bayer-bedachungen.de\/wp-content\/uploads\/2023\/08\/IMG_8418-edited-150x150.jpeg 150w, https:\/\/bayer-bedachungen.de\/wp-content\/uploads\/2023\/08\/IMG_8418-edited-768x768.jpeg 768w, https:\/\/bayer-bedachungen.de\/wp-content\/uploads\/2023\/08\/IMG_8418-edited-1536x1536.jpeg 1536w, https:\/\/bayer-bedachungen.de\/wp-content\/uploads\/2023\/08\/IMG_8418-edited-2048x2048.jpeg 2048w\" sizes=\"(max-width: 2560px) 100vw, 2560px\" \/><figcaption class=\"wp-element-caption\">Dach im Sonnenuntergang<\/figcaption><\/figure>\n<\/div>\n<\/div>\n\n\n\n<div class=\"wp-block-columns are-vertically-aligned-center is-layout-flex wp-container-21 wp-block-columns-is-layout-flex\">\n<div class=\"wp-block-column is-vertically-aligned-center is-layout-flow wp-block-column-is-layout-flow\" style=\"flex-basis:50%\">\n<figure class=\"wp-block-image size-large\"><img decoding=\"async\" loading=\"lazy\" width=\"2560\" height=\"2560\" src=\"https:\/\/bayer-bedachungen.de\/wp-content\/uploads\/2023\/08\/IMG_8414-edited-scaled.jpeg\" alt=\"\" class=\"wp-image-435\" srcset=\"https:\/\/bayer-bedachungen.de\/wp-content\/uploads\/2023\/08\/IMG_8414-edited-scaled.jpeg 2560w, https:\/\/bayer-bedachungen.de\/wp-content\/uploads\/2023\/08\/IMG_8414-edited-300x300.jpeg 300w, https:\/\/bayer-bedachungen.de\/wp-content\/uploads\/2023\/08\/IMG_8414-edited-1024x1024.jpeg 1024w, https:\/\/bayer-bedachungen.de\/wp-content\/uploads\/2023\/08\/IMG_8414-edited-150x150.jpeg 150w, https:\/\/bayer-bedachungen.de\/wp-content\/uploads\/2023\/08\/IMG_8414-edited-768x768.jpeg 768w, https:\/\/bayer-bedachungen.de\/wp-content\/uploads\/2023\/08\/IMG_8414-edited-1536x1536.jpeg 1536w, https:\/\/bayer-bedachungen.de\/wp-content\/uploads\/2023\/08\/IMG_8414-edited-2048x2048.jpeg 2048w\" sizes=\"(max-width: 2560px) 100vw, 2560px\" \/><figcaption class=\"wp-element-caption\">F\u00fcrst<\/figcaption><\/figure>\n\n\n\n<div style=\"height:40px\" aria-hidden=\"true\" class=\"wp-block-spacer\"><\/div>\n<\/div>\n\n\n\n<div class=\"wp-block-column is-vertically-aligned-center is-layout-flow wp-block-column-is-layout-flow\" style=\"flex-basis:50%\">\n<figure class=\"wp-block-image size-large\"><img decoding=\"async\" loading=\"lazy\" width=\"2560\" height=\"2560\" src=\"https:\/\/bayer-bedachungen.de\/wp-content\/uploads\/2023\/08\/IMG_8105-edited-scaled.jpeg\" alt=\"\" class=\"wp-image-436\" srcset=\"https:\/\/bayer-bedachungen.de\/wp-content\/uploads\/2023\/08\/IMG_8105-edited-scaled.jpeg 2560w, https:\/\/bayer-bedachungen.de\/wp-content\/uploads\/2023\/08\/IMG_8105-edited-300x300.jpeg 300w, https:\/\/bayer-bedachungen.de\/wp-content\/uploads\/2023\/08\/IMG_8105-edited-1024x1024.jpeg 1024w, https:\/\/bayer-bedachungen.de\/wp-content\/uploads\/2023\/08\/IMG_8105-edited-150x150.jpeg 150w, https:\/\/bayer-bedachungen.de\/wp-content\/uploads\/2023\/08\/IMG_8105-edited-768x768.jpeg 768w, https:\/\/bayer-bedachungen.de\/wp-content\/uploads\/2023\/08\/IMG_8105-edited-1536x1536.jpeg 1536w, https:\/\/bayer-bedachungen.de\/wp-content\/uploads\/2023\/08\/IMG_8105-edited-2048x2048.jpeg 2048w\" sizes=\"(max-width: 2560px) 100vw, 2560px\" \/><figcaption class=\"wp-element-caption\">Motors\u00e4ge<\/figcaption><\/figure>\n\n\n\n<div style=\"height:40px\" aria-hidden=\"true\" class=\"wp-block-spacer\"><\/div>\n<\/div>\n<\/div>\n\n\n\n<div style=\"height:40px\" aria-hidden=\"true\" class=\"wp-block-spacer\"><\/div>\n<\/div><\/div>\n<\/div><\/div>\n\n\n\n<div class=\"wp-block-cover alignfull\" style=\"min-height:300px\"><span aria-hidden=\"true\" class=\"wp-block-cover__background has-nv-dark-bg-background-color has-background-dim-100 has-background-dim\"><\/span><div class=\"wp-block-cover__inner-container is-layout-flow wp-block-cover-is-layout-flow\">\n<div style=\"height:140px\" aria-hidden=\"true\" class=\"wp-block-spacer\"><\/div>\n\n\n\n<h2 class=\"wp-block-heading has-text-align-center has-nv-text-dark-bg-color has-text-color\">WIR FREUEN UNS AUF IHRE <br>ANFRAGEN ALLER ART<\/h2>\n\n\n\n<p class=\"has-text-align-center\"><\/p>\n\n\n\n<div class=\"wp-block-buttons is-horizontal is-content-justification-center is-layout-flex wp-container-24 wp-block-buttons-is-layout-flex\">\n<div class=\"wp-block-button is-style-primary\"><a class=\"wp-block-button__link wp-element-button\" href=\"https:\/\/bayer-bedachungen.de\/?page_id=75\">KONTAKT<\/a><\/div>\n<\/div>\n\n\n\n<div style=\"height:140px\" aria-hidden=\"true\" class=\"wp-block-spacer\"><\/div>\n<\/div><\/div>\n","protected":false},"excerpt":{"rendered":"<p>Wir k\u00fcmmern uns darum. Flachdach Balkon \/ Terasse \/ GarageTiefgaragenAbdichtung von Nassr\u00e4umenDachbegr\u00fcnung Steildach DachdeckungDachd\u00e4mmungDachfensterDachausbau Spenglerei Dachrinnen \/ Kamine \/ GaubenD\u00e4cherAbdeckungen Reparaturen Wartungen Und vieles Mehr<\/p>\n","protected":false},"author":1,"featured_media":0,"parent":0,"menu_order":0,"comment_status":"closed","ping_status":"closed","template":"","meta":{"neve_meta_sidebar":"default","neve_meta_container":"default","neve_meta_enable_content_width":"on","neve_meta_content_width":100,"neve_meta_title_alignment":"","neve_meta_author_avatar":"","neve_post_elements_order":"","neve_meta_disable_header":"","neve_meta_disable_footer":"","neve_meta_disable_title":"on","_themeisle_gutenberg_block_has_review":false,"footnotes":""},"_links":{"self":[{"href":"https:\/\/bayer-bedachungen.de\/index.php?rest_route=\/wp\/v2\/pages\/5"}],"collection":[{"href":"https:\/\/bayer-bedachungen.de\/index.php?rest_route=\/wp\/v2\/pages"}],"about":[{"href":"https:\/\/bayer-bedachungen.de\/index.php?rest_route=\/wp\/v2\/types\/page"}],"author":[{"embeddable":true,"href":"https:\/\/bayer-bedachungen.de\/index.php?rest_route=\/wp\/v2\/users\/1"}],"replies":[{"embeddable":true,"href":"https:\/\/bayer-bedachungen.de\/index.php?rest_route=%2Fwp%2Fv2%2Fcomments&post=5"}],"version-history":[{"count":21,"href":"https:\/\/bayer-bedachungen.de\/index.php?rest_route=\/wp\/v2\/pages\/5\/revisions"}],"predecessor-version":[{"id":460,"href":"https:\/\/bayer-bedachungen.de\/index.php?rest_route=\/wp\/v2\/pages\/5\/revisions\/460"}],"wp:attachment":[{"href":"https:\/\/bayer-bedachungen.de\/index.php?rest_route=%2Fwp%2Fv2%2Fmedia&parent=5"}],"curies":[{"name":"wp","href":"https:\/\/api.w.org\/{rel}","templated":true}]}}